{"id":269,"date":"2022-02-15T11:05:38","date_gmt":"2022-02-15T10:05:38","guid":{"rendered":"https:\/\/www.onswingene.be\/?post_type=product&#038;p=269"},"modified":"2022-02-15T11:05:39","modified_gmt":"2022-02-15T10:05:39","slug":"des-ecoles-de-reforme","status":"publish","type":"product","link":"https:\/\/www.onswingene.be\/?product=des-ecoles-de-reforme","title":{"rendered":"Des \u00e9coles de r\u00e9forme"},"content":{"rendered":"<p>Expos\u00e9 de la situation des \u00e9coles de r\u00e9forme<\/p>\n<p>Ruysselede, de Wynghene et de Beernem<\/p>\n<p>1861<\/p>\n<p>&nbsp;<\/p>\n","protected":false},"excerpt":{"rendered":"<p>Expos\u00e9 de la situation des \u00e9coles de r\u00e9forme Ruysselede, de Wynghene et de Beernem 1861 &nbsp;<\/p>\n","protected":false},"featured_media":202,"comment_status":"closed","ping_status":"closed","template":"","meta":[],"product_brand":[],"product_cat":[20],"product_tag":[],"class_list":{"0":"post-269","1":"product","2":"type-product","3":"status-publish","4":"has-post-thumbnail","6":"product_cat-andere-boeken","8":"first","9":"instock","10":"shipping-taxable","11":"purchasable","12":"product-type-simple"},"jetpack_sharing_enabled":true,"_links":{"self":[{"href":"https:\/\/www.onswingene.be\/index.php?rest_route=\/wp\/v2\/product\/269","targetHints":{"allow":["GET"]}}],"collection":[{"href":"https:\/\/www.onswingene.be\/index.php?rest_route=\/wp\/v2\/product"}],"about":[{"href":"https:\/\/www.onswingene.be\/index.php?rest_route=\/wp\/v2\/types\/product"}],"replies":[{"embeddable":true,"href":"https:\/\/www.onswingene.be\/index.php?rest_route=%2Fwp%2Fv2%2Fcomments&post=269"}],"wp:featuredmedia":[{"embeddable":true,"href":"https:\/\/www.onswingene.be\/index.php?rest_route=\/wp\/v2\/media\/202"}],"wp:attachment":[{"href":"https:\/\/www.onswingene.be\/index.php?rest_route=%2Fwp%2Fv2%2Fmedia&parent=269"}],"wp:term":[{"taxonomy":"product_brand","embeddable":true,"href":"https:\/\/www.onswingene.be\/index.php?rest_route=%2Fwp%2Fv2%2Fproduct_brand&post=269"},{"taxonomy":"product_cat","embeddable":true,"href":"https:\/\/www.onswingene.be\/index.php?rest_route=%2Fwp%2Fv2%2Fproduct_cat&post=269"},{"taxonomy":"product_tag","embeddable":true,"href":"https:\/\/www.onswingene.be\/index.php?rest_route=%2Fwp%2Fv2%2Fproduct_tag&post=269"}],"curies":[{"name":"wp","href":"https:\/\/api.w.org\/{rel}","templated":true}]}}